{"id":90,"date":"2023-10-25T20:00:13","date_gmt":"2023-10-25T20:00:13","guid":{"rendered":"http:\/\/manja"},"modified":"2024-08-29T12:07:29","modified_gmt":"2024-08-29T12:07:29","slug":"code-of-conduct","status":"publish","type":"page","link":"https:\/\/audioforum.si\/sl\/code-of-conduct\/","title":{"rendered":"Pravila obna\u0161anja"},"content":{"rendered":"<p>Zadnja posodobitev: 18.5.2024.<\/p>\n\n\n\n<h2 class=\"wp-block-heading\">Uvod<\/h2>\n\n\n\n<p>Dobrodo\u0161li! Ta stran je namenjena seznanitvi s pravili, ki jih morate upo\u0161tevati pri sodelovanju v dejavnostih Zavoda Audioforum. Osebna varnost in varnost vsakega prisotnega posameznika je v na\u0161i organizaciji prioriteta, pri \u010demer mislimo na varnost in varnost prisotnih:<\/p>\n\n\n\n<ul class=\"wp-block-list\">\n<li>pri na\u0161ih aktivnostih na kraju samem, ali<\/li>\n\n\n\n<li>pri spletni komunikaciji, ki se izvaja prek platform tretjih oseb, ki jih Zavod Audioforum uporablja za stik z udele\u017eenci aktivnosti, ki jih organizira.<\/li>\n<\/ul>\n\n\n\n<p>Za bolj\u0161e razumevanje tega kodeksa ravnanja je tukaj nekaj definicij: <\/p>\n\n\n\n<ul class=\"wp-block-list\">\n<li>&#8220;<strong>Dejavnost<\/strong>\u201d pomeni vsako dejavnost, ki jo izvaja Zavod Audioforum in je lahko v kakr\u0161ni koli obliki (tudi na spletu), v skladu z na\u0161imi statutarnimi cilji.<\/li>\n\n\n\n<li>&#8220;<strong>Uporabnik<\/strong>\u201d je vsaka oseba, ki z Zavodom Audioforum ali njegovimi dejavnostmi sodeluje na podlagi osebne pobude in interesa, z namenom bolj\u0161ega razumevanja dejavnosti Zavod Audioforum.<\/li>\n\n\n\n<li>&#8220;<strong>\u010clan<\/strong>\u201d je uporabnik, ki se je prostovoljno v\u010dlanil v Zavod Audioforum.<\/li>\n\n\n\n<li>&#8220;<strong>\u010clanstvo<\/strong>\u201d je uveljavitev statusa \u010dlana Zavoda Audioforum.<\/li>\n\n\n\n<li>&#8220;<strong>\u010clanarina<\/strong>\u201d je znesek denarja, ki je potreben za \u010dlanstvo v Zavodu Audioforum.<\/li>\n\n\n\n<li>&#8220;<strong>Udele\u017eenec<\/strong>\u201d je posameznik, ki aktivno sodeluje pri dejavnostih Zavoda Audioforum, ki je lahko \u010dlan ali ne. Status udele\u017eenca se neomejeno nana\u0161a na obiskovalce, govorce, sponzorje, goste, razstavljavce, promotorje, gradbenike, prostovoljce, medije.<\/li>\n\n\n\n<li>&#8220;<strong>Dogodek<\/strong>\u201d je podsklop aktivnosti, ki se nana\u0161ajo na izvedbo kakr\u0161nih koli dogodkov, ki izhajajo ali so povezani z Zavodom Audioforum;<\/li>\n\n\n\n<li>&#8220;<strong>Kampanja<\/strong>\u201d je obdobje promocije dejavnosti Zavoda Audioforum.<\/li>\n\n\n\n<li class=\"translation-block\">\u201c<strong>Prizori\u0161\u010de<\/strong>\u201d pomeni fizi\u010dni prostor, ki se uporablja za namene dejavnosti ali v povezavi z njimi, do katerega se dostopa po preverjanju pravic dostopa udele\u017eenca na dolo\u010deni kontrolni to\u010dki.<\/li>\n\n\n\n<li>&#8220;<strong>Spletne komunikacije<\/strong>\u201d predstavlja nabor vseh komunikacijskih kanalov Zavoda Audioforum, ki predstavljajo uradno prisotnost Zavoda Audioforum oziroma na\u0161e aktivnosti v digitalnem prostoru. Od datuma zadnje posodobitve tega kodeksa ravnanja so trenutno uporabljeni na\u010dini spletne komunikacije:\n<ul class=\"wp-block-list\">\n<li>Facebook<\/li>\n\n\n\n<li>Instagram<\/li>\n\n\n\n<li>YouTube<\/li>\n\n\n\n<li>Mailchimp<\/li>\n\n\n\n<li>Discord<\/li>\n\n\n\n<li>Linktree<\/li>\n<\/ul>\n<\/li>\n<\/ul>\n\n\n\n<p>Svetujemo vam, da se seznanite s Politiko zasebnosti in Pogoji storitve za la\u017eje razumevanje obsega tega kodeksa ravnanja ali pa se vsaj zavedate mo\u017enosti, da lahko v teh dokumentih najdete ve\u010d informacij, ki so za vas pomembne.<\/p>\n\n\n\n<p>Zavod Audioforum nadaljuje s produkcijo dogodkov iz statutom opredeljenega obsega, ki jih identificiramo kot konference, seminarje, delavnice in sre\u010danja. V prihodnjem delu lahko Zavod Audioforum prese\u017ee navedene okvire in s tem organizira kakr\u0161no koli dejavnost, skladno z veljavnim statutom. Audio forum je na primer dejavnost Zavoda Audioforum, vrsta dogodka \u2013 letna konferenca na podro\u010dju avdio produkcije v Srbiji.<\/p>\n\n\n\n<p>Ta pravila ravnanja lahko kadar koli posodobimo po lastni presoji in brez predhodnega obvestila.<\/p>\n\n\n\n<h2 class=\"wp-block-heading\">Pravila obna\u0161anja<\/h2>\n\n\n\n<ol class=\"wp-block-list\">\n<li>Va\u0161e sodelovanje pri dejavnostih potrjuje va\u0161e strinjanje s tem kodeksom ravnanja.<\/li>\n\n\n\n<li>V celoti ste odgovorni za poznavanje, razumevanje in spo\u0161tovanje kodeksa ravnanja.<\/li>\n\n\n\n<li>Ta razdelek (Pravila vedenja) ni iz\u010drpen in Zavod Audioforum si pridr\u017euje pravico dolo\u010diti, katero vedenje se \u0161teje za kr\u0161itev dobre vere, in sprejeti disciplinske ukrepe, vklju\u010dno z izrekom opozorila udele\u017eencu, odstranitvijo\/opustitvijo ra\u010dunov, ki kr\u0161ijo avtorske pravice.<\/li>\n\n\n\n<li>Osebo, ki se znajde na kraju samem brez pravice dostopa, si Zavod Audioforum pridr\u017euje pravico, da to osebo obravnava kot udele\u017eenca (pojem opredeljen v tem Kodeksu ravnanja) ali druga\u010de odlo\u010di o pravici dostopa te osebe.<\/li>\n\n\n\n<li>Na\u0161e dejavnosti so na voljo vsem, ki so se zanje ustrezno kvalificirali, bodisi z ustreznim statusom \u010dlana Zavod Audioforum ali s pridobitvijo pravice do dejavnosti (na primer z nakupom vstopnic).<\/li>\n\n\n\n<li>Uradni jezik dejavnosti Zavoda Audioforum in Zavod Audioforum je srb\u0161\u010dina. Zaradi mednarodne narave vsebin, ki jih ureja statut Zavoda Audioforum, je pogosto potrebno izvajati dejavnosti ali dele dejavnosti v tujih jezikih. Vendar to ne bo razlagano kot priznanje tujih jezikov kot uradnih ali uradnih jezikov dejavnosti Zavoda Audioforum.<\/li>\n\n\n\n<li>Osebe, mlaj\u0161e od 18 let v \u010dasu aktivnosti Zavod Audioforum, imajo pravico do udele\u017ebe na aktivnostih le v spremstvu star\u0161ev ali zakonitega skrbnika.<\/li>\n\n\n\n<li>Da bi ohranili integriteto in vzdu\u0161je skupine, odprte za dialog, bodo informacije, izmenjene v okviru dejavnosti, obravnavane profesionalno vljudno in nikoli ne bodo uporabljene ali razkrite zunaj konteksta ali duha sodelovanja, razen \u010de je navedeno druga\u010de.<\/li>\n\n\n\n<li>Strinjate se, da vas lahko med udele\u017ebo v dejavnostih neomejeno fotografirajo, snemajo in avdiografirajo.<\/li>\n\n\n\n<li>Ta kodeks ravnanja prav tako ureja vse vidike va\u0161e interakcije s spletno komunikacijo, vklju\u010dno brez omejitev z izbiro vzdevka in avatarja stre\u017enika Discord, objavljanjem sporo\u010dil, interakcijo z drugimi uporabniki in osebjem Zavod Audioforum.<\/li>\n<\/ol>\n\n\n\n<p>Kot pri vsaki konferenci ali drugem strokovnem dogodku udele\u017eenci pogosto zdru\u017eujejo poklicne dejavnosti s socialno interakcijo z drugimi udele\u017eenci, osebjem in drugimi. \u010ceprav Zavod Audioforum spodbuja tovrstno mre\u017eenje in krepitev povezav med udele\u017eenci, si pridr\u017eujemo pravico, da odstranimo ali blokiramo vsakega udele\u017eenca, katerega socialno vedenje postane drugim sporno (bodisi na mestu ali na spletu) in ki vztraja pri tak\u0161nem vedenju, potem ko je bil obve\u0161\u010den, da narava tega vedenja sporno. Massive si tudi pridr\u017euje pravico, da odstrani ali blokira katerega koli udele\u017eenca, ki je pijan ali se zdi, da je pijan in se obna\u0161a na na\u010din, ki moti druge udele\u017eence, da sodelujejo in u\u017eivajo v dejavnostih.<\/p>\n\n\n\n<h2 class=\"wp-block-heading\">Nesprejemljivo vedenje<\/h2>\n\n\n\n<ol class=\"wp-block-list\">\n<li>Udele\u017eence, ki bodo blatili ali omalova\u017eevali dejavnost, Zavod Audioforum, druge udele\u017eence ali integriteto drugih oseb ali skupin, kogar koli nadlegovali ali motili, bomo pozvali, da prenehajo z nesprejemljivim vedenjem. V primeru neupo\u0161tevanja tega kodeksa ravnanja bomo sprejeli ukrepe za odstranitev tak\u0161nih udele\u017eencev iz okolja.<\/li>\n\n\n\n<li>Ustrahovanje, nadlegovanje, \u017ealjivo, diskriminatorno, slab\u0161alno ali poni\u017eujo\u010de govorjenje ali dejanja katerega koli udele\u017eenca na ali v povezavi z dejavnostmi na mestu ali na spletu in povezanimi dejavnostmi; Vsi udele\u017eenci si zaslu\u017eijo spo\u0161tovanje, ne glede na vlogo, v kateri se udele\u017eujejo ali sodelujejo. Razprava o nasprotujo\u010dih si ali razli\u010dnih pogledih je primerna, vendar se pri\u010dakuje, da poteka v spo\u0161tljivem tonu in na na\u010din, ki se izogiba osebnim napadom.<\/li>\n\n\n\n<li>Mote\u010de vedenje, kot je:\n<ul class=\"wp-block-list\">\n<li>uporaba \u017ealjivih verbalnih komentarjev v zvezi s spolom, spolno usmerjenostjo, raso, vero, nacionalnim poreklom, spolno identiteto ali invalidnostjo,<\/li>\n\n\n\n<li>neustrezna uporaba golote in\/ali spolnih slik na prizori\u0161\u010du,<\/li>\n\n\n\n<li>namerno ustrahovanje, virtualno ali osebno zalezovanje ali ne\u017eeleno sledenje,<\/li>\n\n\n\n<li>groze\u010de fotografiranje ali snemanje videa,<\/li>\n\n\n\n<li>kri\u010danje ali gro\u017enje udele\u017eencem ali govorcem,<\/li>\n\n\n\n<li>stalno prekinitev pogovorov ali druge podobne okoli\u0161\u010dine,<\/li>\n\n\n\n<li>ne\u017eeleni fizi\u010dni ali verbalni stik ali ne\u017eelena spolna pozornost,<\/li>\n\n\n\n<li>verbal or physical abuse, intimidation, threats, attempts to annoy others, harassment or stalking, which in any way creates any kind of disturbance, especially which is dangerous or instills anxiety.<\/li>\n<\/ul>\n<\/li>\n\n\n\n<li>Motenje dejavnosti ali nepoobla\u0161\u010deno deljenje vsebine, ki vklju\u010duje katerega koli udele\u017eenca med aktivnostjo (kot je nepoobla\u0161\u010dena objava vsebine na dru\u017ebenih medijih) brez soglasja ustvarjalca vsebine. Deljenje vsebine z namenom poro\u010danja o kr\u0161itvah tega kodeksa ravnanja, zakonov ali podobnih veljavnih pravil ta kodeks ravnanja ne prepoveduje.<\/li>\n\n\n\n<li>Ne smete prena\u0161ati ali objavljati nobene vsebine ali uporabljati jezika, ki je, brez omejitev, nezakonit, \u0161kodljiv, groze\u010d, \u017ealjiv, nadlegovan, obrekljiv, vulgaren, obscen, netrpe\u017een, spolno nazoren ali rasno, etni\u010dno ali druga\u010de sporen ali kateri koli drug vsebino, za katero po lastni presoji menimo, da je \u017ealjiva.<\/li>\n\n\n\n<li>Ne smete namerno uporabljati alternativnega \u010drkovanja, da bi zaob\u0161li ali poskusili zaobiti vsebinske in jezikovne omejitve.<\/li>\n\n\n\n<li>Osebnih podatkov drugega udele\u017eenca v aktivnosti in\/ali povezanih storitvah ne smete javno objaviti brez izrecnega pisnega soglasja tega udele\u017eenca. Udele\u017eenci imajo pravico do razkritja svojih osebnih podatkov po lastni presoji.<\/li>\n\n\n\n<li>Ne smete kr\u0161iti pogodbenih, osebnih, intelektualne lastnine ali drugih pravic katere koli stranke, niti spodbujati ali predstavljati nezakonite dejavnosti.<\/li>\n\n\n\n<li>Ne smete zlorabljati vljudnosti predstavnika Zavoda Audioforum, vklju\u010dno z, brez omejitev, predlo\u017eitvijo la\u017enih poro\u010dil o zlorabi ali neprimernem ravnanju s strani katere koli strani, onemogo\u010danjem, poseganjem ali izogibanjem katerega koli varnostnega ukrepa znotraj dejavnosti ali \u010desar koli v zvezi z dejavnostjo ali obratno, ki omejuje ali nalaga omejitve uporabe ali dostopa do dejavnosti.<\/li>\n\n\n\n<li>Ne smete se udele\u017eevati dejanj, ki so po na\u0161em mnenju namenjena la\u017enemu predstavljanju Zavod Audioforum, njegovih predstavnikov in\/ali predstavljanju kakr\u0161nih koli dejavnosti Zavod Audioforum.<\/li>\n\n\n\n<li>Preko na\u0161ih spletnih kanalov (e-po\u0161ta, socialna omre\u017eja ipd.) ne smete po\u0161iljati la\u017enih povpra\u0161evanj, s katerimi bi Zavod Audioforum karkoli zahtevali. To \u0161e posebej velja za primere ugrabljenih in zavajajo\u010dih e-po\u0161tnih naslovov, naslovov s perfidno skritimi pravopisnimi neskladji in zaradi la\u017enega predstavljanja.<\/li>\n<\/ol>\n\n\n\n<h2 class=\"wp-block-heading\">Posledice nesprejemljivega vedenja<\/h2>\n\n\n\n<p>Nesprejemljivo vedenje ne bo tolerirano med aktivnostmi na mestu ali na spletu. Pri\u010dakujemo, da se vsi udele\u017eenci aktivnosti dr\u017eijo tega kodeksa ravnanja.<\/p>\n\n\n\n<p>Zavod Audioforum lahko po lastni presoji za\u010dasno ali trajno prepove dostop vsakomur, ki kr\u0161i ta kodeks ravnanja. Zavod Audioforum lahko v ustreznih okoli\u0161\u010dinah kr\u0161iteljem prepove udele\u017ebo ali obiskovanje prihodnjih aktivnosti Zavoda Audioforum ter o kr\u0161itvi obvesti delodajalca kr\u0161itelja, vlado ali pristojne organe.<\/p>\n\n\n\n<p>Zavod Audioforum bo poro\u010dal tudi o izidu morebitne preiskave posameznikov, ki so prijavili kr\u0161itve tega kodeksa ravnanja. Pri\u010dakuje se, da se bo vsak, od katerega se zahteva, da preneha z nesprejemljivim vedenjem, takoj ugodil.<\/p>\n\n\n\n<p>Udele\u017eenci dejavnosti Zavod Audioforum morajo prav tako sodelovati pri morebitni preiskavi Zavod Audioforuma prijav kr\u0161itev tega kodeksa ravnanja z zagotavljanjem informacij, ki bi lahko bile pomembne za preiskavo.<\/p>\n\n\n\n<h2 class=\"wp-block-heading\">Kaj storiti, \u010de ste pri\u010da ali do\u017eivite nezakonito ravnanje?<\/h2>\n\n\n\n<p>Kr\u0161itve tega kodeksa mora Zavod Audioforum nemudoma prijaviti organizatorjem aktivnosti po elektronski po\u0161ti: <a href=\"mailto:info@audioforum.si\">info@audioforum.si<\/a> ali telefonsko \u0161tevilko +386 69 755 578, Dino Dolni\u010dar.<\/p>","protected":false},"excerpt":{"rendered":"<p>Last updated: 18.5.2024. Introduction Welcome! This page serves to familiarize you with the rules that you must follow when participating in the activities of the Zavod Audioforum. Personal safety and security of every individual present is a priority in our organization, where we mean the safety and security of those present: For a better understanding [&hellip;]<\/p>\n","protected":false},"author":3,"featured_media":288,"parent":0,"menu_order":0,"comment_status":"closed","ping_status":"closed","template":"","meta":{"_acf_changed":false,"footnotes":""},"class_list":["post-90","page","type-page","status-publish","has-post-thumbnail","hentry"],"acf":[],"yoast_head":"<!-- This site is optimized with the Yoast SEO plugin v26.9 - https:\/\/yoast.com\/product\/yoast-seo-wordpress\/ -->\n<title>Code of Conduct - Audio Forum<\/title>\n<meta name=\"description\" content=\"Audio Forum is a unique conference dedicated to audio production in Europe, designed for professionals, enthusiasts, and students who are passionate about the creative use of sound in media.\" \/>\n<meta name=\"robots\" content=\"index, follow, max-snippet:-1, max-image-preview:large, max-video-preview:-1\" \/>\n<link rel=\"canonical\" href=\"https:\/\/audioforum.si\/sl\/code-of-conduct\/\" \/>\n<meta property=\"og:locale\" content=\"sl_SI\" \/>\n<meta property=\"og:type\" content=\"article\" \/>\n<meta property=\"og:title\" content=\"Audio Forum Ljubljana 2024\" \/>\n<meta property=\"og:description\" content=\"Audio Forum is a unique conference dedicated to audio production in Europe, designed for professionals, enthusiasts, and students who are passionate about the creative use of sound in media.\" \/>\n<meta property=\"og:url\" content=\"https:\/\/audioforum.si\/sl\/code-of-conduct\/\" \/>\n<meta property=\"og:site_name\" content=\"Audio Forum\" \/>\n<meta property=\"article:publisher\" content=\"https:\/\/www.facebook.com\/masivaudioforum\/\" \/>\n<meta property=\"article:modified_time\" content=\"2024-08-29T12:07:29+00:00\" \/>\n<meta property=\"og:image\" content=\"https:\/\/audioforum.si\/wp-content\/uploads\/2023\/10\/AF_og_image_v3-01.jpg\" \/>\n\t<meta property=\"og:image:width\" content=\"1200\" \/>\n\t<meta property=\"og:image:height\" content=\"768\" \/>\n\t<meta property=\"og:image:type\" content=\"image\/jpeg\" \/>\n<meta name=\"twitter:card\" content=\"summary_large_image\" \/>\n<meta name=\"twitter:title\" content=\"Audio Forum Ljubljana 2024\" \/>\n<meta name=\"twitter:description\" content=\"Audio Forum is a unique conference dedicated to audio production in Europe, designed for professionals, enthusiasts, and students who are passionate about the creative use of sound in media.\" \/>\n<meta name=\"twitter:label1\" content=\"Est. reading time\" \/>\n\t<meta name=\"twitter:data1\" content=\"8 minut\" \/>\n<script type=\"application\/ld+json\" class=\"yoast-schema-graph\">{\"@context\":\"https:\/\/schema.org\",\"@graph\":[{\"@type\":\"WebPage\",\"@id\":\"https:\/\/audioforum.si\/code-of-conduct\/\",\"url\":\"https:\/\/audioforum.si\/code-of-conduct\/\",\"name\":\"Code of Conduct - Audio Forum\",\"isPartOf\":{\"@id\":\"https:\/\/audioforum.si\/#website\"},\"primaryImageOfPage\":{\"@id\":\"https:\/\/audioforum.si\/code-of-conduct\/#primaryimage\"},\"image\":{\"@id\":\"https:\/\/audioforum.si\/code-of-conduct\/#primaryimage\"},\"thumbnailUrl\":\"https:\/\/audioforum.si\/wp-content\/uploads\/2023\/10\/AF_og_image_v3-01.jpg\",\"datePublished\":\"2023-10-25T20:00:13+00:00\",\"dateModified\":\"2024-08-29T12:07:29+00:00\",\"description\":\"Audio Forum is a unique conference dedicated to audio production in Europe, designed for professionals, enthusiasts, and students who are passionate about the creative use of sound in media.\",\"breadcrumb\":{\"@id\":\"https:\/\/audioforum.si\/code-of-conduct\/#breadcrumb\"},\"inLanguage\":\"sl-SI\",\"potentialAction\":[{\"@type\":\"ReadAction\",\"target\":[\"https:\/\/audioforum.si\/code-of-conduct\/\"]}]},{\"@type\":\"ImageObject\",\"inLanguage\":\"sl-SI\",\"@id\":\"https:\/\/audioforum.si\/code-of-conduct\/#primaryimage\",\"url\":\"https:\/\/audioforum.si\/wp-content\/uploads\/2023\/10\/AF_og_image_v3-01.jpg\",\"contentUrl\":\"https:\/\/audioforum.si\/wp-content\/uploads\/2023\/10\/AF_og_image_v3-01.jpg\",\"width\":1200,\"height\":768},{\"@type\":\"BreadcrumbList\",\"@id\":\"https:\/\/audioforum.si\/code-of-conduct\/#breadcrumb\",\"itemListElement\":[{\"@type\":\"ListItem\",\"position\":1,\"name\":\"Home\",\"item\":\"https:\/\/audioforum.si\/\"},{\"@type\":\"ListItem\",\"position\":2,\"name\":\"Code of Conduct\"}]},{\"@type\":\"WebSite\",\"@id\":\"https:\/\/audioforum.si\/#website\",\"url\":\"https:\/\/audioforum.si\/\",\"name\":\"Audio Forum\",\"description\":\"A unique annual pro-audio conference in SEE\",\"publisher\":{\"@id\":\"https:\/\/audioforum.si\/#organization\"},\"potentialAction\":[{\"@type\":\"SearchAction\",\"target\":{\"@type\":\"EntryPoint\",\"urlTemplate\":\"https:\/\/audioforum.si\/?s={search_term_string}\"},\"query-input\":{\"@type\":\"PropertyValueSpecification\",\"valueRequired\":true,\"valueName\":\"search_term_string\"}}],\"inLanguage\":\"sl-SI\"},{\"@type\":\"Organization\",\"@id\":\"https:\/\/audioforum.si\/#organization\",\"name\":\"Audio Forum\",\"url\":\"https:\/\/audioforum.si\/\",\"logo\":{\"@type\":\"ImageObject\",\"inLanguage\":\"sl-SI\",\"@id\":\"https:\/\/audioforum.si\/#\/schema\/logo\/image\/\",\"url\":\"https:\/\/audioforum.rs\/wp-content\/uploads\/2023\/11\/AF_Logo-01.png\",\"contentUrl\":\"https:\/\/audioforum.rs\/wp-content\/uploads\/2023\/11\/AF_Logo-01.png\",\"width\":4000,\"height\":420,\"caption\":\"Audio Forum\"},\"image\":{\"@id\":\"https:\/\/audioforum.si\/#\/schema\/logo\/image\/\"},\"sameAs\":[\"https:\/\/www.facebook.com\/masivaudioforum\/\",\"https:\/\/www.youtube.com\/c\/AudioForum\",\"https:\/\/www.instagram.com\/audio_forum\/\",\"https:\/\/discord.com\/invite\/pW4tgnn4k3\"]}]}<\/script>\n<!-- \/ Yoast SEO plugin. -->","yoast_head_json":{"title":"Code of Conduct - Audio Forum","description":"Audio Forum is a unique conference dedicated to audio production in Europe, designed for professionals, enthusiasts, and students who are passionate about the creative use of sound in media.","robots":{"index":"index","follow":"follow","max-snippet":"max-snippet:-1","max-image-preview":"max-image-preview:large","max-video-preview":"max-video-preview:-1"},"canonical":"https:\/\/audioforum.si\/sl\/code-of-conduct\/","og_locale":"sl_SI","og_type":"article","og_title":"Audio Forum Ljubljana 2024","og_description":"Audio Forum is a unique conference dedicated to audio production in Europe, designed for professionals, enthusiasts, and students who are passionate about the creative use of sound in media.","og_url":"https:\/\/audioforum.si\/sl\/code-of-conduct\/","og_site_name":"Audio Forum","article_publisher":"https:\/\/www.facebook.com\/masivaudioforum\/","article_modified_time":"2024-08-29T12:07:29+00:00","og_image":[{"width":1200,"height":768,"url":"https:\/\/audioforum.si\/wp-content\/uploads\/2023\/10\/AF_og_image_v3-01.jpg","type":"image\/jpeg"}],"twitter_card":"summary_large_image","twitter_title":"Audio Forum Ljubljana 2024","twitter_description":"Audio Forum is a unique conference dedicated to audio production in Europe, designed for professionals, enthusiasts, and students who are passionate about the creative use of sound in media.","twitter_misc":{"Est. reading time":"8 minut"},"schema":{"@context":"https:\/\/schema.org","@graph":[{"@type":"WebPage","@id":"https:\/\/audioforum.si\/code-of-conduct\/","url":"https:\/\/audioforum.si\/code-of-conduct\/","name":"Code of Conduct - Audio Forum","isPartOf":{"@id":"https:\/\/audioforum.si\/#website"},"primaryImageOfPage":{"@id":"https:\/\/audioforum.si\/code-of-conduct\/#primaryimage"},"image":{"@id":"https:\/\/audioforum.si\/code-of-conduct\/#primaryimage"},"thumbnailUrl":"https:\/\/audioforum.si\/wp-content\/uploads\/2023\/10\/AF_og_image_v3-01.jpg","datePublished":"2023-10-25T20:00:13+00:00","dateModified":"2024-08-29T12:07:29+00:00","description":"Audio Forum is a unique conference dedicated to audio production in Europe, designed for professionals, enthusiasts, and students who are passionate about the creative use of sound in media.","breadcrumb":{"@id":"https:\/\/audioforum.si\/code-of-conduct\/#breadcrumb"},"inLanguage":"sl-SI","potentialAction":[{"@type":"ReadAction","target":["https:\/\/audioforum.si\/code-of-conduct\/"]}]},{"@type":"ImageObject","inLanguage":"sl-SI","@id":"https:\/\/audioforum.si\/code-of-conduct\/#primaryimage","url":"https:\/\/audioforum.si\/wp-content\/uploads\/2023\/10\/AF_og_image_v3-01.jpg","contentUrl":"https:\/\/audioforum.si\/wp-content\/uploads\/2023\/10\/AF_og_image_v3-01.jpg","width":1200,"height":768},{"@type":"BreadcrumbList","@id":"https:\/\/audioforum.si\/code-of-conduct\/#breadcrumb","itemListElement":[{"@type":"ListItem","position":1,"name":"Home","item":"https:\/\/audioforum.si\/"},{"@type":"ListItem","position":2,"name":"Code of Conduct"}]},{"@type":"WebSite","@id":"https:\/\/audioforum.si\/#website","url":"https:\/\/audioforum.si\/","name":"Audio Forum","description":"A unique annual pro-audio conference in SEE","publisher":{"@id":"https:\/\/audioforum.si\/#organization"},"potentialAction":[{"@type":"SearchAction","target":{"@type":"EntryPoint","urlTemplate":"https:\/\/audioforum.si\/?s={search_term_string}"},"query-input":{"@type":"PropertyValueSpecification","valueRequired":true,"valueName":"search_term_string"}}],"inLanguage":"sl-SI"},{"@type":"Organization","@id":"https:\/\/audioforum.si\/#organization","name":"Audio Forum","url":"https:\/\/audioforum.si\/","logo":{"@type":"ImageObject","inLanguage":"sl-SI","@id":"https:\/\/audioforum.si\/#\/schema\/logo\/image\/","url":"https:\/\/audioforum.rs\/wp-content\/uploads\/2023\/11\/AF_Logo-01.png","contentUrl":"https:\/\/audioforum.rs\/wp-content\/uploads\/2023\/11\/AF_Logo-01.png","width":4000,"height":420,"caption":"Audio Forum"},"image":{"@id":"https:\/\/audioforum.si\/#\/schema\/logo\/image\/"},"sameAs":["https:\/\/www.facebook.com\/masivaudioforum\/","https:\/\/www.youtube.com\/c\/AudioForum","https:\/\/www.instagram.com\/audio_forum\/","https:\/\/discord.com\/invite\/pW4tgnn4k3"]}]}},"_links":{"self":[{"href":"https:\/\/audioforum.si\/sl\/wp-json\/wp\/v2\/pages\/90","targetHints":{"allow":["GET"]}}],"collection":[{"href":"https:\/\/audioforum.si\/sl\/wp-json\/wp\/v2\/pages"}],"about":[{"href":"https:\/\/audioforum.si\/sl\/wp-json\/wp\/v2\/types\/page"}],"author":[{"embeddable":true,"href":"https:\/\/audioforum.si\/sl\/wp-json\/wp\/v2\/users\/3"}],"replies":[{"embeddable":true,"href":"https:\/\/audioforum.si\/sl\/wp-json\/wp\/v2\/comments?post=90"}],"version-history":[{"count":68,"href":"https:\/\/audioforum.si\/sl\/wp-json\/wp\/v2\/pages\/90\/revisions"}],"predecessor-version":[{"id":2316,"href":"https:\/\/audioforum.si\/sl\/wp-json\/wp\/v2\/pages\/90\/revisions\/2316"}],"wp:featuredmedia":[{"embeddable":true,"href":"https:\/\/audioforum.si\/sl\/wp-json\/wp\/v2\/media\/288"}],"wp:attachment":[{"href":"https:\/\/audioforum.si\/sl\/wp-json\/wp\/v2\/media?parent=90"}],"curies":[{"name":"wp","href":"https:\/\/api.w.org\/{rel}","templated":true}]}}