{"id":88,"date":"2023-10-25T20:00:13","date_gmt":"2023-10-25T20:00:13","guid":{"rendered":"http:\/\/manja"},"modified":"2024-08-19T10:02:45","modified_gmt":"2024-08-19T10:02:45","slug":"legal","status":"publish","type":"page","link":"https:\/\/audioforum.si\/sl\/legal\/","title":{"rendered":"Pravno obvestilo"},"content":{"rendered":"<p>Zadnja posodobitev: 18.5.2024.<\/p>\n\n\n\n<p>Smo Zavod Audioforum, (v nadaljevanju \"Zavod\", \"mi\", \"nas\", \"na\u0161\"). Na\u0161a registrska \u0161tevilka je 9590056000, registrirana na naslovu: \u010cufarjeva ulica 16, 1000 Ljubljana, Republika Slovenija. Na\u0161a \u0161tevilka za DDV je 29946328.<\/p>\n\n\n\n<p>Na\u0161i kontaktni podatki so:<\/p>\n\n\n\n<ul class=\"wp-block-list\">\n<li>Email naslov: info@audioforum.si<\/li>\n\n\n\n<li>Telefonska \u0161tevilka: +386 69 755 578<\/li>\n\n\n\n<li>Pravni zastopnik: Dino Dolni\u010dar<\/li>\n<\/ul>\n\n\n\n<p>Ustanovitelj blagovne znamke Audio Forum je Dru\u0161tvo Masiv, registrirano v Republiki Srbiji, pod mati\u010dno \u0161tevilko 28142234 na naslovu: Mutapova 23, Vra\u010dar, 11000 Beograd, z DDV \u0161tevilko 108486389 in \u0161ifro dejavnosti 9499 \u2013 \u010clanstvo. dejavnosti dru\u0161tva.<\/p>\n\n\n\n<hr class=\"wp-block-separator has-alpha-channel-opacity\"\/>\n\n\n\n<p>Na\u0161e dejavnosti urejajo pravno zavezujo\u010di dokumenti, ki jih najdete spodaj.<\/p>\n\n\n\n<p><strong><a href=\"https:\/\/audioforum.si\/sl\/terms-of-use\/\">Pogoji uporabe<\/a><\/strong> \u2013 Ureja va\u0161o uporabo spletnih strani, ki so v lasti in upravljanju Zavod Audioforum. Prosimo, preberite to besedilo, \u010de boste \u0161e naprej uporabljali na\u0161o spletno stran.<\/p>\n\n\n\n<p><strong><a href=\"https:\/\/audioforum.si\/sl\/privacy-policy\/\">Politika zasebnosti<\/a><\/strong> \u2013 Ureja medsebojni odnos med vami in Zavodom, ko gre za delo z ob\u010dutljivimi informacijami, ki izhajajo iz va\u0161e uporabe na\u0161ih spletnih mest in drugih komunikacijskih sistemov. Prosimo, preberite to besedilo, \u0161e posebej, \u010de ste neposredno v stiku z Zavod Audioforum.<\/p>\n\n\n\n<p><strong><a href=\"https:\/\/audioforum.si\/sl\/code-of-conduct\/\">Pravila obna\u0161anja<\/a><\/strong> \u2013 Vzpostavi pri\u010dakovano vedenje vseh udele\u017eencev na\u0161ih dejavnosti, bodisi v \u017eivo na kraju samem bodisi na spletu. Ta akt je zavezujo\u010d, \u010de ste \u010dlan, in dober vir koristnih informacij, \u010de razmi\u0161ljate o mo\u017enosti v\u010dlanitve v Zavod Audioforum.<\/p>","protected":false},"excerpt":{"rendered":"<p>Last updated: 18.5.2024. We are Zavod Audioforum, (hereinafter as &#8220;Zavod&#8221;, &#8220;we&#8221;, &#8220;us&#8221;, &#8220;our&#8221;). Our registration ID is 9590056000, registered at the following address: \u010cufarjeva ulica 16, 1000 Ljubljana, Republic of Slovenia. Our VAT number is 29946328. Our contact info is: The originator of the Audio Forum brand is Association Masiv, registered in the Republic of [&hellip;]<\/p>\n","protected":false},"author":3,"featured_media":288,"parent":0,"menu_order":0,"comment_status":"closed","ping_status":"closed","template":"","meta":{"_acf_changed":false,"footnotes":""},"class_list":["post-88","page","type-page","status-publish","has-post-thumbnail","hentry"],"acf":[],"yoast_head":"<!-- This site is optimized with the Yoast SEO plugin v26.9 - https:\/\/yoast.com\/product\/yoast-seo-wordpress\/ -->\n<title>Imprint - Audio Forum<\/title>\n<meta name=\"description\" content=\"Audio Forum is a unique conference dedicated to audio production in Europe, designed for professionals, enthusiasts, and students who are passionate about the creative use of sound in media.\" \/>\n<meta name=\"robots\" content=\"index, follow, max-snippet:-1, max-image-preview:large, max-video-preview:-1\" \/>\n<link rel=\"canonical\" href=\"https:\/\/audioforum.si\/sl\/legal\/\" \/>\n<meta property=\"og:locale\" content=\"sl_SI\" \/>\n<meta property=\"og:type\" content=\"article\" \/>\n<meta property=\"og:title\" content=\"Audio Forum Ljubljana 2024\" \/>\n<meta property=\"og:description\" content=\"Audio Forum is a unique conference dedicated to audio production in Europe, designed for professionals, enthusiasts, and students who are passionate about the creative use of sound in media.\" \/>\n<meta property=\"og:url\" content=\"https:\/\/audioforum.si\/sl\/legal\/\" \/>\n<meta property=\"og:site_name\" content=\"Audio Forum\" \/>\n<meta property=\"article:publisher\" content=\"https:\/\/www.facebook.com\/masivaudioforum\/\" \/>\n<meta property=\"article:modified_time\" content=\"2024-08-19T10:02:45+00:00\" \/>\n<meta property=\"og:image\" content=\"https:\/\/audioforum.si\/wp-content\/uploads\/2024\/08\/AFLJ_Yoast-social-image.png\" \/>\n\t<meta property=\"og:image:width\" content=\"1200\" \/>\n\t<meta property=\"og:image:height\" content=\"768\" \/>\n\t<meta property=\"og:image:type\" content=\"image\/png\" \/>\n<meta name=\"twitter:card\" content=\"summary_large_image\" \/>\n<meta name=\"twitter:title\" content=\"Audio Forum Ljubljana 2024\" \/>\n<meta name=\"twitter:description\" content=\"Audio Forum is a unique conference dedicated to audio production in Europe, designed for professionals, enthusiasts, and students who are passionate about the creative use of sound in media.\" \/>\n<meta name=\"twitter:label1\" content=\"Est. reading time\" \/>\n\t<meta name=\"twitter:data1\" content=\"2 minuti\" \/>\n<script type=\"application\/ld+json\" class=\"yoast-schema-graph\">{\"@context\":\"https:\/\/schema.org\",\"@graph\":[{\"@type\":\"WebPage\",\"@id\":\"https:\/\/audioforum.si\/legal\/\",\"url\":\"https:\/\/audioforum.si\/legal\/\",\"name\":\"Imprint - Audio Forum\",\"isPartOf\":{\"@id\":\"https:\/\/audioforum.si\/#website\"},\"primaryImageOfPage\":{\"@id\":\"https:\/\/audioforum.si\/legal\/#primaryimage\"},\"image\":{\"@id\":\"https:\/\/audioforum.si\/legal\/#primaryimage\"},\"thumbnailUrl\":\"https:\/\/audioforum.si\/wp-content\/uploads\/2023\/10\/AF_og_image_v3-01.jpg\",\"datePublished\":\"2023-10-25T20:00:13+00:00\",\"dateModified\":\"2024-08-19T10:02:45+00:00\",\"description\":\"Audio Forum is a unique conference dedicated to audio production in Europe, designed for professionals, enthusiasts, and students who are passionate about the creative use of sound in media.\",\"breadcrumb\":{\"@id\":\"https:\/\/audioforum.si\/legal\/#breadcrumb\"},\"inLanguage\":\"sl-SI\",\"potentialAction\":[{\"@type\":\"ReadAction\",\"target\":[\"https:\/\/audioforum.si\/legal\/\"]}]},{\"@type\":\"ImageObject\",\"inLanguage\":\"sl-SI\",\"@id\":\"https:\/\/audioforum.si\/legal\/#primaryimage\",\"url\":\"https:\/\/audioforum.si\/wp-content\/uploads\/2023\/10\/AF_og_image_v3-01.jpg\",\"contentUrl\":\"https:\/\/audioforum.si\/wp-content\/uploads\/2023\/10\/AF_og_image_v3-01.jpg\",\"width\":1200,\"height\":768},{\"@type\":\"BreadcrumbList\",\"@id\":\"https:\/\/audioforum.si\/legal\/#breadcrumb\",\"itemListElement\":[{\"@type\":\"ListItem\",\"position\":1,\"name\":\"Home\",\"item\":\"https:\/\/audioforum.si\/\"},{\"@type\":\"ListItem\",\"position\":2,\"name\":\"Imprint\"}]},{\"@type\":\"WebSite\",\"@id\":\"https:\/\/audioforum.si\/#website\",\"url\":\"https:\/\/audioforum.si\/\",\"name\":\"Audio Forum\",\"description\":\"A unique annual pro-audio conference in SEE\",\"publisher\":{\"@id\":\"https:\/\/audioforum.si\/#organization\"},\"potentialAction\":[{\"@type\":\"SearchAction\",\"target\":{\"@type\":\"EntryPoint\",\"urlTemplate\":\"https:\/\/audioforum.si\/?s={search_term_string}\"},\"query-input\":{\"@type\":\"PropertyValueSpecification\",\"valueRequired\":true,\"valueName\":\"search_term_string\"}}],\"inLanguage\":\"sl-SI\"},{\"@type\":\"Organization\",\"@id\":\"https:\/\/audioforum.si\/#organization\",\"name\":\"Audio Forum\",\"url\":\"https:\/\/audioforum.si\/\",\"logo\":{\"@type\":\"ImageObject\",\"inLanguage\":\"sl-SI\",\"@id\":\"https:\/\/audioforum.si\/#\/schema\/logo\/image\/\",\"url\":\"https:\/\/audioforum.rs\/wp-content\/uploads\/2023\/11\/AF_Logo-01.png\",\"contentUrl\":\"https:\/\/audioforum.rs\/wp-content\/uploads\/2023\/11\/AF_Logo-01.png\",\"width\":4000,\"height\":420,\"caption\":\"Audio Forum\"},\"image\":{\"@id\":\"https:\/\/audioforum.si\/#\/schema\/logo\/image\/\"},\"sameAs\":[\"https:\/\/www.facebook.com\/masivaudioforum\/\",\"https:\/\/www.youtube.com\/c\/AudioForum\",\"https:\/\/www.instagram.com\/audio_forum\/\",\"https:\/\/discord.com\/invite\/pW4tgnn4k3\"]}]}<\/script>\n<!-- \/ Yoast SEO plugin. -->","yoast_head_json":{"title":"Imprint - Audio Forum","description":"Audio Forum is a unique conference dedicated to audio production in Europe, designed for professionals, enthusiasts, and students who are passionate about the creative use of sound in media.","robots":{"index":"index","follow":"follow","max-snippet":"max-snippet:-1","max-image-preview":"max-image-preview:large","max-video-preview":"max-video-preview:-1"},"canonical":"https:\/\/audioforum.si\/sl\/legal\/","og_locale":"sl_SI","og_type":"article","og_title":"Audio Forum Ljubljana 2024","og_description":"Audio Forum is a unique conference dedicated to audio production in Europe, designed for professionals, enthusiasts, and students who are passionate about the creative use of sound in media.","og_url":"https:\/\/audioforum.si\/sl\/legal\/","og_site_name":"Audio Forum","article_publisher":"https:\/\/www.facebook.com\/masivaudioforum\/","article_modified_time":"2024-08-19T10:02:45+00:00","og_image":[{"width":1200,"height":768,"url":"https:\/\/audioforum.si\/wp-content\/uploads\/2024\/08\/AFLJ_Yoast-social-image.png","type":"image\/png"}],"twitter_card":"summary_large_image","twitter_title":"Audio Forum Ljubljana 2024","twitter_description":"Audio Forum is a unique conference dedicated to audio production in Europe, designed for professionals, enthusiasts, and students who are passionate about the creative use of sound in media.","twitter_misc":{"Est. reading time":"2 minuti"},"schema":{"@context":"https:\/\/schema.org","@graph":[{"@type":"WebPage","@id":"https:\/\/audioforum.si\/legal\/","url":"https:\/\/audioforum.si\/legal\/","name":"Imprint - Audio Forum","isPartOf":{"@id":"https:\/\/audioforum.si\/#website"},"primaryImageOfPage":{"@id":"https:\/\/audioforum.si\/legal\/#primaryimage"},"image":{"@id":"https:\/\/audioforum.si\/legal\/#primaryimage"},"thumbnailUrl":"https:\/\/audioforum.si\/wp-content\/uploads\/2023\/10\/AF_og_image_v3-01.jpg","datePublished":"2023-10-25T20:00:13+00:00","dateModified":"2024-08-19T10:02:45+00:00","description":"Audio Forum is a unique conference dedicated to audio production in Europe, designed for professionals, enthusiasts, and students who are passionate about the creative use of sound in media.","breadcrumb":{"@id":"https:\/\/audioforum.si\/legal\/#breadcrumb"},"inLanguage":"sl-SI","potentialAction":[{"@type":"ReadAction","target":["https:\/\/audioforum.si\/legal\/"]}]},{"@type":"ImageObject","inLanguage":"sl-SI","@id":"https:\/\/audioforum.si\/legal\/#primaryimage","url":"https:\/\/audioforum.si\/wp-content\/uploads\/2023\/10\/AF_og_image_v3-01.jpg","contentUrl":"https:\/\/audioforum.si\/wp-content\/uploads\/2023\/10\/AF_og_image_v3-01.jpg","width":1200,"height":768},{"@type":"BreadcrumbList","@id":"https:\/\/audioforum.si\/legal\/#breadcrumb","itemListElement":[{"@type":"ListItem","position":1,"name":"Home","item":"https:\/\/audioforum.si\/"},{"@type":"ListItem","position":2,"name":"Imprint"}]},{"@type":"WebSite","@id":"https:\/\/audioforum.si\/#website","url":"https:\/\/audioforum.si\/","name":"Audio Forum","description":"A unique annual pro-audio conference in SEE","publisher":{"@id":"https:\/\/audioforum.si\/#organization"},"potentialAction":[{"@type":"SearchAction","target":{"@type":"EntryPoint","urlTemplate":"https:\/\/audioforum.si\/?s={search_term_string}"},"query-input":{"@type":"PropertyValueSpecification","valueRequired":true,"valueName":"search_term_string"}}],"inLanguage":"sl-SI"},{"@type":"Organization","@id":"https:\/\/audioforum.si\/#organization","name":"Audio Forum","url":"https:\/\/audioforum.si\/","logo":{"@type":"ImageObject","inLanguage":"sl-SI","@id":"https:\/\/audioforum.si\/#\/schema\/logo\/image\/","url":"https:\/\/audioforum.rs\/wp-content\/uploads\/2023\/11\/AF_Logo-01.png","contentUrl":"https:\/\/audioforum.rs\/wp-content\/uploads\/2023\/11\/AF_Logo-01.png","width":4000,"height":420,"caption":"Audio Forum"},"image":{"@id":"https:\/\/audioforum.si\/#\/schema\/logo\/image\/"},"sameAs":["https:\/\/www.facebook.com\/masivaudioforum\/","https:\/\/www.youtube.com\/c\/AudioForum","https:\/\/www.instagram.com\/audio_forum\/","https:\/\/discord.com\/invite\/pW4tgnn4k3"]}]}},"_links":{"self":[{"href":"https:\/\/audioforum.si\/sl\/wp-json\/wp\/v2\/pages\/88","targetHints":{"allow":["GET"]}}],"collection":[{"href":"https:\/\/audioforum.si\/sl\/wp-json\/wp\/v2\/pages"}],"about":[{"href":"https:\/\/audioforum.si\/sl\/wp-json\/wp\/v2\/types\/page"}],"author":[{"embeddable":true,"href":"https:\/\/audioforum.si\/sl\/wp-json\/wp\/v2\/users\/3"}],"replies":[{"embeddable":true,"href":"https:\/\/audioforum.si\/sl\/wp-json\/wp\/v2\/comments?post=88"}],"version-history":[{"count":22,"href":"https:\/\/audioforum.si\/sl\/wp-json\/wp\/v2\/pages\/88\/revisions"}],"predecessor-version":[{"id":2317,"href":"https:\/\/audioforum.si\/sl\/wp-json\/wp\/v2\/pages\/88\/revisions\/2317"}],"wp:featuredmedia":[{"embeddable":true,"href":"https:\/\/audioforum.si\/sl\/wp-json\/wp\/v2\/media\/288"}],"wp:attachment":[{"href":"https:\/\/audioforum.si\/sl\/wp-json\/wp\/v2\/media?parent=88"}],"curies":[{"name":"wp","href":"https:\/\/api.w.org\/{rel}","templated":true}]}}